{"id":2,"date":"2024-03-26T17:24:09","date_gmt":"2024-03-26T20:24:09","guid":{"rendered":"http:\/\/umeculinariajaponesa.com.br\/?page_id=2"},"modified":"2024-04-09T17:46:39","modified_gmt":"2024-04-09T20:46:39","slug":"pagina-exemplo","status":"publish","type":"page","link":"https:\/\/umeculinariajaponesa.com.br\/","title":{"rendered":"P\u00e1gina principal"},"content":{"rendered":"\t\t<div data-elementor-type=\"wp-page\" data-elementor-id=\"2\" class=\"elementor elementor-2\" data-elementor-post-type=\"page\">\n\t\t\t\t<div class=\"elementor-element elementor-element-ad13c5c e-flex e-con-boxed e-con e-parent\" data-id=\"ad13c5c\" data-element_type=\"container\" data-settings=\"{&quot;background_background&quot;:&quot;slideshow&quot;,&quot;background_slideshow_gallery&quot;:[{&quot;id&quot;:37,&quot;url&quot;:&quot;https:\\\/\\\/umeculinariajaponesa.com.br\\\/wp-content\\\/uploads\\\/2024\\\/04\\\/banner-scaled.jpeg&quot;}],&quot;background_slideshow_loop&quot;:&quot;yes&quot;,&quot;background_slideshow_slide_duration&quot;:5000,&quot;background_slideshow_slide_transition&quot;:&quot;fade&quot;,&quot;background_slideshow_transition_duration&quot;:500}\">\n\t\t\t\t\t<div class=\"e-con-inner\">\n\t\t\t\t<div class=\"elementor-element elementor-element-70532d2 elementor-widget elementor-widget-image\" data-id=\"70532d2\" data-element_type=\"widget\" data-widget_type=\"image.default\">\n\t\t\t\t<div class=\"elementor-widget-container\">\n\t\t\t\t\t\t\t\t\t\t\t\t\t\t\t<img fetchpriority=\"high\" decoding=\"async\" width=\"385\" height=\"157\" src=\"https:\/\/umeculinariajaponesa.com.br\/wp-content\/uploads\/2024\/04\/logo.png\" class=\"attachment-large size-large wp-image-38\" alt=\"\" srcset=\"https:\/\/umeculinariajaponesa.com.br\/wp-content\/uploads\/2024\/04\/logo.png 385w, https:\/\/umeculinariajaponesa.com.br\/wp-content\/uploads\/2024\/04\/logo-300x122.png 300w\" sizes=\"(max-width: 385px) 100vw, 385px\" \/>\t\t\t\t\t\t\t\t\t\t\t\t\t\t\t<\/div>\n\t\t\t\t<\/div>\n\t\t\t\t<div class=\"elementor-element elementor-element-ca28832 elementor-invisible elementor-widget elementor-widget-image\" data-id=\"ca28832\" data-element_type=\"widget\" data-settings=\"{&quot;_animation&quot;:&quot;bounce&quot;,&quot;_animation_delay&quot;:100}\" data-widget_type=\"image.default\">\n\t\t\t\t<div class=\"elementor-widget-container\">\n\t\t\t\t\t\t\t\t\t\t\t\t\t\t\t<img decoding=\"async\" width=\"33\" height=\"19\" src=\"https:\/\/umeculinariajaponesa.com.br\/wp-content\/uploads\/2024\/04\/Vector-7.png\" class=\"attachment-large size-large wp-image-39\" alt=\"\" \/>\t\t\t\t\t\t\t\t\t\t\t\t\t\t\t<\/div>\n\t\t\t\t<\/div>\n\t\t\t\t\t<\/div>\n\t\t\t\t<\/div>\n\t\t<div class=\"elementor-element elementor-element-e7223e9 e-flex e-con-boxed e-con e-parent\" data-id=\"e7223e9\" data-element_type=\"container\" data-settings=\"{&quot;background_background&quot;:&quot;classic&quot;}\">\n\t\t\t\t\t<div class=\"e-con-inner\">\n\t\t<div class=\"elementor-element elementor-element-ca081ec e-flex e-con-boxed e-con e-child\" data-id=\"ca081ec\" data-element_type=\"container\">\n\t\t\t\t\t<div class=\"e-con-inner\">\n\t\t\t\t<div class=\"elementor-element elementor-element-6fed919 elementor-widget__width-auto elementor-widget elementor-widget-image\" data-id=\"6fed919\" data-element_type=\"widget\" data-widget_type=\"image.default\">\n\t\t\t\t<div class=\"elementor-widget-container\">\n\t\t\t\t\t\t\t\t\t\t\t\t\t\t\t<img decoding=\"async\" width=\"46\" height=\"23\" src=\"https:\/\/umeculinariajaponesa.com.br\/wp-content\/uploads\/2024\/04\/icon.png\" class=\"attachment-large size-large wp-image-61\" alt=\"\" \/>\t\t\t\t\t\t\t\t\t\t\t\t\t\t\t<\/div>\n\t\t\t\t<\/div>\n\t\t\t\t<div class=\"elementor-element elementor-element-fae99db elementor-widget__width-initial elementor-widget elementor-widget-heading\" data-id=\"fae99db\" data-element_type=\"widget\" data-widget_type=\"heading.default\">\n\t\t\t\t<div class=\"elementor-widget-container\">\n\t\t\t\t\t<h2 class=\"elementor-heading-title elementor-size-default\">SOBRE<\/h2>\t\t\t\t<\/div>\n\t\t\t\t<\/div>\n\t\t\t\t\t<\/div>\n\t\t\t\t<\/div>\n\t\t\t\t<div class=\"elementor-element elementor-element-20f2a67 elementor-widget elementor-widget-text-editor\" data-id=\"20f2a67\" data-element_type=\"widget\" data-widget_type=\"text-editor.default\">\n\t\t\t\t<div class=\"elementor-widget-container\">\n\t\t\t\t\t\t\t\t\t<p>Lorem ipsum dolor sit amet, consectetur adipiscing elit. Donec viverra consequat semper. Suspendisse ac enim luctus, laoreet massa nec, hendrerit nulla. Quisque tristique porta nisl, vitae ornare ex sagittis quis. Cras vestibulum dignissim ipsum in lacinia. Curabitur blandit ligula nibh, non facilisis dui commodo quis. Cras tristique vehicula sapien quis maximus. Morbi velit est, vulputate at lorem id, laoreet scelerisque sem. Morbi in sapien tortor. Vivamus quis hendrerit dolor. Quisque vehicula, nisi finibus condimentum iaculis, ante turpis dictum nibh, sed elementum ipsum mi sit amet ante.<\/p>\t\t\t\t\t\t\t\t<\/div>\n\t\t\t\t<\/div>\n\t\t\t\t\t<\/div>\n\t\t\t\t<\/div>\n\t\t<div class=\"elementor-element elementor-element-5b8a371 elementor-hidden-desktop e-flex e-con-boxed e-con e-parent\" data-id=\"5b8a371\" data-element_type=\"container\" data-settings=\"{&quot;background_background&quot;:&quot;classic&quot;}\">\n\t\t\t\t\t<div class=\"e-con-inner\">\n\t\t\t\t<div class=\"elementor-element elementor-element-5c21b7e elementor-widget elementor-widget-image\" data-id=\"5c21b7e\" data-element_type=\"widget\" data-widget_type=\"image.default\">\n\t\t\t\t<div class=\"elementor-widget-container\">\n\t\t\t\t\t\t\t\t\t\t\t\t\t\t\t<img loading=\"lazy\" decoding=\"async\" width=\"800\" height=\"534\" src=\"https:\/\/umeculinariajaponesa.com.br\/wp-content\/uploads\/2024\/04\/32e8831ea5907a1c3787f04fae9766da-1024x683.jpeg\" class=\"attachment-large size-large wp-image-86\" alt=\"\" srcset=\"https:\/\/umeculinariajaponesa.com.br\/wp-content\/uploads\/2024\/04\/32e8831ea5907a1c3787f04fae9766da-1024x683.jpeg 1024w, https:\/\/umeculinariajaponesa.com.br\/wp-content\/uploads\/2024\/04\/32e8831ea5907a1c3787f04fae9766da-300x200.jpeg 300w, https:\/\/umeculinariajaponesa.com.br\/wp-content\/uploads\/2024\/04\/32e8831ea5907a1c3787f04fae9766da-768x512.jpeg 768w, https:\/\/umeculinariajaponesa.com.br\/wp-content\/uploads\/2024\/04\/32e8831ea5907a1c3787f04fae9766da-1536x1024.jpeg 1536w, https:\/\/umeculinariajaponesa.com.br\/wp-content\/uploads\/2024\/04\/32e8831ea5907a1c3787f04fae9766da-2048x1366.jpeg 2048w\" sizes=\"(max-width: 800px) 100vw, 800px\" \/>\t\t\t\t\t\t\t\t\t\t\t\t\t\t\t<\/div>\n\t\t\t\t<\/div>\n\t\t<div class=\"elementor-element elementor-element-fa15e45 e-flex e-con-boxed e-con e-child\" data-id=\"fa15e45\" data-element_type=\"container\" data-settings=\"{&quot;background_background&quot;:&quot;classic&quot;}\">\n\t\t\t\t\t<div class=\"e-con-inner\">\n\t\t\t\t<div class=\"elementor-element elementor-element-5e10e45 elementor-widget__width-auto elementor-widget elementor-widget-image\" data-id=\"5e10e45\" data-element_type=\"widget\" data-widget_type=\"image.default\">\n\t\t\t\t<div class=\"elementor-widget-container\">\n\t\t\t\t\t\t\t\t\t\t\t\t\t\t\t<img decoding=\"async\" width=\"46\" height=\"23\" src=\"https:\/\/umeculinariajaponesa.com.br\/wp-content\/uploads\/2024\/04\/icon.png\" class=\"attachment-large size-large wp-image-61\" alt=\"\" \/>\t\t\t\t\t\t\t\t\t\t\t\t\t\t\t<\/div>\n\t\t\t\t<\/div>\n\t\t\t\t<div class=\"elementor-element elementor-element-897bea5 e-transform elementor-widget elementor-widget-heading\" data-id=\"897bea5\" data-element_type=\"widget\" data-settings=\"{&quot;_transform_translateX_effect_mobile&quot;:{&quot;unit&quot;:&quot;px&quot;,&quot;size&quot;:0,&quot;sizes&quot;:[]},&quot;_transform_translateY_effect_mobile&quot;:{&quot;unit&quot;:&quot;px&quot;,&quot;size&quot;:5,&quot;sizes&quot;:[]},&quot;_transform_translateX_effect&quot;:{&quot;unit&quot;:&quot;px&quot;,&quot;size&quot;:&quot;&quot;,&quot;sizes&quot;:[]},&quot;_transform_translateX_effect_tablet&quot;:{&quot;unit&quot;:&quot;px&quot;,&quot;size&quot;:&quot;&quot;,&quot;sizes&quot;:[]},&quot;_transform_translateY_effect&quot;:{&quot;unit&quot;:&quot;px&quot;,&quot;size&quot;:&quot;&quot;,&quot;sizes&quot;:[]},&quot;_transform_translateY_effect_tablet&quot;:{&quot;unit&quot;:&quot;px&quot;,&quot;size&quot;:&quot;&quot;,&quot;sizes&quot;:[]}}\" data-widget_type=\"heading.default\">\n\t\t\t\t<div class=\"elementor-widget-container\">\n\t\t\t\t\t<h2 class=\"elementor-heading-title elementor-size-default\">NOSSO CHEFE<\/h2>\t\t\t\t<\/div>\n\t\t\t\t<\/div>\n\t\t\t\t<div class=\"elementor-element elementor-element-032daad elementor-widget elementor-widget-text-editor\" data-id=\"032daad\" data-element_type=\"widget\" data-widget_type=\"text-editor.default\">\n\t\t\t\t<div class=\"elementor-widget-container\">\n\t\t\t\t\t\t\t\t\t<p>Para que nossos pratos sejam uma experi\u00eancia \u00fanica, nosso chef Luciano Sassaki transp\u00f5e toda sua experi\u00eancia e criatividade. Venha conhecer tudo que ele e sua gastronomia podem lhe oferecer.<\/p>\t\t\t\t\t\t\t\t<\/div>\n\t\t\t\t<\/div>\n\t\t\t\t\t<\/div>\n\t\t\t\t<\/div>\n\t\t\t\t\t<\/div>\n\t\t\t\t<\/div>\n\t\t<div class=\"elementor-element elementor-element-a93d400 elementor-hidden-tablet elementor-hidden-mobile e-flex e-con-boxed e-con e-parent\" data-id=\"a93d400\" data-element_type=\"container\" data-settings=\"{&quot;background_background&quot;:&quot;classic&quot;}\">\n\t\t\t\t\t<div class=\"e-con-inner\">\n\t\t<div class=\"elementor-element elementor-element-22599d9 e-flex e-con-boxed e-con e-child\" data-id=\"22599d9\" data-element_type=\"container\">\n\t\t\t\t\t<div class=\"e-con-inner\">\n\t\t<div class=\"elementor-element elementor-element-8202c63 e-grid e-con-full e-con e-child\" data-id=\"8202c63\" data-element_type=\"container\">\n\t\t<div class=\"elementor-element elementor-element-ba7f36b e-flex e-con-boxed e-con e-child\" data-id=\"ba7f36b\" data-element_type=\"container\">\n\t\t\t\t\t<div class=\"e-con-inner\">\n\t\t\t\t<div class=\"elementor-element elementor-element-9e5be68 elementor-widget__width-auto elementor-widget elementor-widget-image\" data-id=\"9e5be68\" data-element_type=\"widget\" data-widget_type=\"image.default\">\n\t\t\t\t<div class=\"elementor-widget-container\">\n\t\t\t\t\t\t\t\t\t\t\t\t\t\t\t<img decoding=\"async\" width=\"46\" height=\"23\" src=\"https:\/\/umeculinariajaponesa.com.br\/wp-content\/uploads\/2024\/04\/icon.png\" class=\"attachment-large size-large wp-image-61\" alt=\"\" \/>\t\t\t\t\t\t\t\t\t\t\t\t\t\t\t<\/div>\n\t\t\t\t<\/div>\n\t\t\t\t<div class=\"elementor-element elementor-element-898d639 elementor-widget elementor-widget-heading\" data-id=\"898d639\" data-element_type=\"widget\" data-widget_type=\"heading.default\">\n\t\t\t\t<div class=\"elementor-widget-container\">\n\t\t\t\t\t<h2 class=\"elementor-heading-title elementor-size-default\">NOSSO CHEFE<\/h2>\t\t\t\t<\/div>\n\t\t\t\t<\/div>\n\t\t\t\t\t<\/div>\n\t\t\t\t<\/div>\n\t\t<div class=\"elementor-element elementor-element-4b09e33 e-grid e-con-boxed e-con e-child\" data-id=\"4b09e33\" data-element_type=\"container\">\n\t\t\t\t\t<div class=\"e-con-inner\">\n\t\t\t\t\t<\/div>\n\t\t\t\t<\/div>\n\t\t<div class=\"elementor-element elementor-element-279ff6a e-flex e-con-boxed e-con e-child\" data-id=\"279ff6a\" data-element_type=\"container\">\n\t\t\t\t\t<div class=\"e-con-inner\">\n\t\t\t\t<div class=\"elementor-element elementor-element-05e1d24 elementor-widget elementor-widget-text-editor\" data-id=\"05e1d24\" data-element_type=\"widget\" data-widget_type=\"text-editor.default\">\n\t\t\t\t<div class=\"elementor-widget-container\">\n\t\t\t\t\t\t\t\t\t<p>Para que nossos pratos sejam uma experi\u00eancia \u00fanica, nosso chef Luciano Sassaki transp\u00f5e toda sua experi\u00eancia e criatividade. Venha conhecer tudo que ele e sua gastronomia podem lhe oferecer.<\/p><p>\u00a0<\/p><p>\u00a0<\/p><p>\u00a0<\/p><p>\u00a0<\/p><p>\u00a0<\/p><p>\u00a0<\/p><p>\u00a0<\/p>\t\t\t\t\t\t\t\t<\/div>\n\t\t\t\t<\/div>\n\t\t\t\t\t<\/div>\n\t\t\t\t<\/div>\n\t\t\t\t<\/div>\n\t\t\t\t\t<\/div>\n\t\t\t\t<\/div>\n\t\t\t\t\t<\/div>\n\t\t\t\t<\/div>\n\t\t<div class=\"elementor-element elementor-element-b57b32b e-con-full e-flex e-con e-parent\" data-id=\"b57b32b\" data-element_type=\"container\" data-settings=\"{&quot;background_background&quot;:&quot;classic&quot;}\">\n\t\t\t\t<div class=\"elementor-element elementor-element-bfb7004 elementor-widget elementor-widget-gallery\" data-id=\"bfb7004\" data-element_type=\"widget\" data-settings=\"{&quot;gallery_layout&quot;:&quot;justified&quot;,&quot;ideal_row_height&quot;:{&quot;unit&quot;:&quot;px&quot;,&quot;size&quot;:295,&quot;sizes&quot;:[]},&quot;ideal_row_height_mobile&quot;:{&quot;unit&quot;:&quot;px&quot;,&quot;size&quot;:78,&quot;sizes&quot;:[]},&quot;gap&quot;:{&quot;unit&quot;:&quot;px&quot;,&quot;size&quot;:0,&quot;sizes&quot;:[]},&quot;gap_mobile&quot;:{&quot;unit&quot;:&quot;px&quot;,&quot;size&quot;:0,&quot;sizes&quot;:[]},&quot;lazyload&quot;:&quot;yes&quot;,&quot;ideal_row_height_tablet&quot;:{&quot;unit&quot;:&quot;px&quot;,&quot;size&quot;:150,&quot;sizes&quot;:[]},&quot;gap_tablet&quot;:{&quot;unit&quot;:&quot;px&quot;,&quot;size&quot;:10,&quot;sizes&quot;:[]},&quot;link_to&quot;:&quot;file&quot;,&quot;overlay_background&quot;:&quot;yes&quot;,&quot;content_hover_animation&quot;:&quot;fade-in&quot;}\" data-widget_type=\"gallery.default\">\n\t\t\t\t<div class=\"elementor-widget-container\">\n\t\t\t\t\t\t\t<div class=\"elementor-gallery__container\">\n\t\t\t\t\t\t\t<a class=\"e-gallery-item elementor-gallery-item elementor-animated-content\" href=\"https:\/\/umeculinariajaponesa.com.br\/wp-content\/uploads\/2024\/04\/foto07.png\" data-elementor-open-lightbox=\"no\">\n\t\t\t\t\t<div class=\"e-gallery-image elementor-gallery-item__image\" data-thumbnail=\"https:\/\/umeculinariajaponesa.com.br\/wp-content\/uploads\/2024\/04\/foto07-300x267.png\" data-width=\"300\" data-height=\"267\" aria-label=\"\" role=\"img\" ><\/div>\n\t\t\t\t\t\t\t\t\t\t\t<div class=\"elementor-gallery-item__overlay\"><\/div>\n\t\t\t\t\t\t\t\t\t\t\t\t\t\t<\/a>\n\t\t\t\t\t\t\t<a class=\"e-gallery-item elementor-gallery-item elementor-animated-content\" href=\"https:\/\/umeculinariajaponesa.com.br\/wp-content\/uploads\/2024\/04\/foto03.png\" data-elementor-open-lightbox=\"no\">\n\t\t\t\t\t<div class=\"e-gallery-image elementor-gallery-item__image\" data-thumbnail=\"https:\/\/umeculinariajaponesa.com.br\/wp-content\/uploads\/2024\/04\/foto03-300x183.png\" data-width=\"300\" data-height=\"183\" aria-label=\"\" role=\"img\" ><\/div>\n\t\t\t\t\t\t\t\t\t\t\t<div class=\"elementor-gallery-item__overlay\"><\/div>\n\t\t\t\t\t\t\t\t\t\t\t\t\t\t<\/a>\n\t\t\t\t\t\t\t<a class=\"e-gallery-item elementor-gallery-item elementor-animated-content\" href=\"https:\/\/umeculinariajaponesa.com.br\/wp-content\/uploads\/2024\/04\/foto05.png\" data-elementor-open-lightbox=\"no\">\n\t\t\t\t\t<div class=\"e-gallery-image elementor-gallery-item__image\" data-thumbnail=\"https:\/\/umeculinariajaponesa.com.br\/wp-content\/uploads\/2024\/04\/foto05-300x239.png\" data-width=\"300\" data-height=\"239\" aria-label=\"\" role=\"img\" ><\/div>\n\t\t\t\t\t\t\t\t\t\t\t<div class=\"elementor-gallery-item__overlay\"><\/div>\n\t\t\t\t\t\t\t\t\t\t\t\t\t\t<\/a>\n\t\t\t\t\t\t\t<a class=\"e-gallery-item elementor-gallery-item elementor-animated-content\" href=\"https:\/\/umeculinariajaponesa.com.br\/wp-content\/uploads\/2024\/04\/foto06.png\" data-elementor-open-lightbox=\"no\">\n\t\t\t\t\t<div class=\"e-gallery-image elementor-gallery-item__image\" data-thumbnail=\"https:\/\/umeculinariajaponesa.com.br\/wp-content\/uploads\/2024\/04\/foto06-207x300.png\" data-width=\"207\" data-height=\"300\" aria-label=\"\" role=\"img\" ><\/div>\n\t\t\t\t\t\t\t\t\t\t\t<div class=\"elementor-gallery-item__overlay\"><\/div>\n\t\t\t\t\t\t\t\t\t\t\t\t\t\t<\/a>\n\t\t\t\t\t\t\t<a class=\"e-gallery-item elementor-gallery-item elementor-animated-content\" href=\"https:\/\/umeculinariajaponesa.com.br\/wp-content\/uploads\/2024\/04\/foto01.png\" data-elementor-open-lightbox=\"no\">\n\t\t\t\t\t<div class=\"e-gallery-image elementor-gallery-item__image\" data-thumbnail=\"https:\/\/umeculinariajaponesa.com.br\/wp-content\/uploads\/2024\/04\/foto01-300x229.png\" data-width=\"300\" data-height=\"229\" aria-label=\"\" role=\"img\" ><\/div>\n\t\t\t\t\t\t\t\t\t\t\t<div class=\"elementor-gallery-item__overlay\"><\/div>\n\t\t\t\t\t\t\t\t\t\t\t\t\t\t<\/a>\n\t\t\t\t\t\t\t<a class=\"e-gallery-item elementor-gallery-item elementor-animated-content\" href=\"https:\/\/umeculinariajaponesa.com.br\/wp-content\/uploads\/2024\/04\/foto02.png\" data-elementor-open-lightbox=\"no\">\n\t\t\t\t\t<div class=\"e-gallery-image elementor-gallery-item__image\" data-thumbnail=\"https:\/\/umeculinariajaponesa.com.br\/wp-content\/uploads\/2024\/04\/foto02-182x300.png\" data-width=\"182\" data-height=\"300\" aria-label=\"\" role=\"img\" ><\/div>\n\t\t\t\t\t\t\t\t\t\t\t<div class=\"elementor-gallery-item__overlay\"><\/div>\n\t\t\t\t\t\t\t\t\t\t\t\t\t\t<\/a>\n\t\t\t\t\t\t\t<a class=\"e-gallery-item elementor-gallery-item elementor-animated-content\" href=\"https:\/\/umeculinariajaponesa.com.br\/wp-content\/uploads\/2024\/04\/foto04.png\" data-elementor-open-lightbox=\"no\">\n\t\t\t\t\t<div class=\"e-gallery-image elementor-gallery-item__image\" data-thumbnail=\"https:\/\/umeculinariajaponesa.com.br\/wp-content\/uploads\/2024\/04\/foto04-288x300.png\" data-width=\"288\" data-height=\"300\" aria-label=\"\" role=\"img\" ><\/div>\n\t\t\t\t\t\t\t\t\t\t\t<div class=\"elementor-gallery-item__overlay\"><\/div>\n\t\t\t\t\t\t\t\t\t\t\t\t\t\t<\/a>\n\t\t\t\t\t<\/div>\n\t\t\t\t\t<\/div>\n\t\t\t\t<\/div>\n\t\t\t\t<\/div>\n\t\t<div class=\"elementor-element elementor-element-772378b e-flex e-con-boxed e-con e-parent\" data-id=\"772378b\" data-element_type=\"container\" data-settings=\"{&quot;background_background&quot;:&quot;classic&quot;}\">\n\t\t\t\t\t<div class=\"e-con-inner\">\n\t\t<div class=\"elementor-element elementor-element-845ed4f e-con-full e-flex e-con e-child\" data-id=\"845ed4f\" data-element_type=\"container\">\n\t\t<div class=\"elementor-element elementor-element-b6ab46b e-flex e-con-boxed e-con e-child\" data-id=\"b6ab46b\" data-element_type=\"container\">\n\t\t\t\t\t<div class=\"e-con-inner\">\n\t\t\t\t<div class=\"elementor-element elementor-element-461b826 elementor-widget__width-auto elementor-widget elementor-widget-image\" data-id=\"461b826\" data-element_type=\"widget\" data-widget_type=\"image.default\">\n\t\t\t\t<div class=\"elementor-widget-container\">\n\t\t\t\t\t\t\t\t\t\t\t\t\t\t\t<img decoding=\"async\" width=\"46\" height=\"23\" src=\"https:\/\/umeculinariajaponesa.com.br\/wp-content\/uploads\/2024\/04\/icon.png\" class=\"attachment-large size-large wp-image-61\" alt=\"\" \/>\t\t\t\t\t\t\t\t\t\t\t\t\t\t\t<\/div>\n\t\t\t\t<\/div>\n\t\t\t\t<div class=\"elementor-element elementor-element-3e2e51b elementor-widget__width-initial elementor-widget elementor-widget-heading\" data-id=\"3e2e51b\" data-element_type=\"widget\" data-widget_type=\"heading.default\">\n\t\t\t\t<div class=\"elementor-widget-container\">\n\t\t\t\t\t<h2 class=\"elementor-heading-title elementor-size-default\">ENDERE\u00c7O<\/h2>\t\t\t\t<\/div>\n\t\t\t\t<\/div>\n\t\t\t\t\t<\/div>\n\t\t\t\t<\/div>\n\t\t\t\t<div class=\"elementor-element elementor-element-f18560b elementor-widget elementor-widget-text-editor\" data-id=\"f18560b\" data-element_type=\"widget\" data-widget_type=\"text-editor.default\">\n\t\t\t\t<div class=\"elementor-widget-container\">\n\t\t\t\t\t\t\t\t\t<p>Av. Ver. Aurelino Coutinho, 2135<br \/>Jardim Alto da Boa Vista, <br \/>Pres. Prudente &#8211; SP, 19053-360<\/p>\t\t\t\t\t\t\t\t<\/div>\n\t\t\t\t<\/div>\n\t\t<div class=\"elementor-element elementor-element-5e9095c e-flex e-con-boxed e-con e-child\" data-id=\"5e9095c\" data-element_type=\"container\">\n\t\t\t\t\t<div class=\"e-con-inner\">\n\t\t\t\t<div class=\"elementor-element elementor-element-1711f2a elementor-widget__width-auto elementor-widget elementor-widget-image\" data-id=\"1711f2a\" data-element_type=\"widget\" data-widget_type=\"image.default\">\n\t\t\t\t<div class=\"elementor-widget-container\">\n\t\t\t\t\t\t\t\t\t\t\t\t\t\t\t<img decoding=\"async\" width=\"46\" height=\"23\" src=\"https:\/\/umeculinariajaponesa.com.br\/wp-content\/uploads\/2024\/04\/icon.png\" class=\"attachment-large size-large wp-image-61\" alt=\"\" \/>\t\t\t\t\t\t\t\t\t\t\t\t\t\t\t<\/div>\n\t\t\t\t<\/div>\n\t\t\t\t<div class=\"elementor-element elementor-element-ab87cfc elementor-widget__width-initial elementor-widget elementor-widget-heading\" data-id=\"ab87cfc\" data-element_type=\"widget\" data-widget_type=\"heading.default\">\n\t\t\t\t<div class=\"elementor-widget-container\">\n\t\t\t\t\t<h2 class=\"elementor-heading-title elementor-size-default\">HOR\u00c1RIOS<\/h2>\t\t\t\t<\/div>\n\t\t\t\t<\/div>\n\t\t\t\t\t<\/div>\n\t\t\t\t<\/div>\n\t\t\t\t<div class=\"elementor-element elementor-element-ecd71e8 elementor-widget elementor-widget-text-editor\" data-id=\"ecd71e8\" data-element_type=\"widget\" data-widget_type=\"text-editor.default\">\n\t\t\t\t<div class=\"elementor-widget-container\">\n\t\t\t\t\t\t\t\t\t<p>Ter\u00e7a a S\u00e1bado:<br \/><span style=\"text-align: var(--text-align);\">19h \u00e0s 23h<\/span><\/p><p>Domingo:<br \/><span style=\"text-align: var(--text-align);\">12h \u00e0s 15:30\u202819h \u00e0s 22:30<\/span><\/p>\t\t\t\t\t\t\t\t<\/div>\n\t\t\t\t<\/div>\n\t\t\t\t<\/div>\n\t\t<div class=\"elementor-element elementor-element-8dc536f e-con-full e-flex e-con e-child\" data-id=\"8dc536f\" data-element_type=\"container\">\n\t\t\t\t<div class=\"elementor-element elementor-element-bf21b38 elementor-widget elementor-widget-google_maps\" data-id=\"bf21b38\" data-element_type=\"widget\" data-widget_type=\"google_maps.default\">\n\t\t\t\t<div class=\"elementor-widget-container\">\n\t\t\t\t\t\t\t<div class=\"elementor-custom-embed\">\n\t\t\t<iframe loading=\"lazy\"\n\t\t\t\t\tsrc=\"https:\/\/maps.google.com\/maps?q=av%20vereador%20aurelino%20coutinho%202135&#038;t=m&#038;z=15&#038;output=embed&#038;iwloc=near\"\n\t\t\t\t\ttitle=\"av vereador aurelino coutinho 2135\"\n\t\t\t\t\taria-label=\"av vereador aurelino coutinho 2135\"\n\t\t\t><\/iframe>\n\t\t<\/div>\n\t\t\t\t\t\t<\/div>\n\t\t\t\t<\/div>\n\t\t\t\t<\/div>\n\t\t\t\t\t<\/div>\n\t\t\t\t<\/div>\n\t\t<div class=\"elementor-element elementor-element-84057c2 e-flex e-con-boxed e-con e-parent\" data-id=\"84057c2\" data-element_type=\"container\" data-settings=\"{&quot;background_background&quot;:&quot;classic&quot;}\">\n\t\t\t\t\t<div class=\"e-con-inner\">\n\t\t<div class=\"elementor-element elementor-element-ac6a7da e-con-full e-flex e-con e-child\" data-id=\"ac6a7da\" data-element_type=\"container\">\n\t\t\t\t<div class=\"elementor-element elementor-element-1d91c36 elementor-widget elementor-widget-text-editor\" data-id=\"1d91c36\" data-element_type=\"widget\" data-widget_type=\"text-editor.default\">\n\t\t\t\t<div class=\"elementor-widget-container\">\n\t\t\t\t\t\t\t\t\t<p>Av. Ver. Aurelino Coutinho, 2135<br \/>Jardim Alto da Boa Vista,<br \/>Pres. Prudente &#8211; SP, 19053-360<\/p><p>18 3908-6868<\/p>\t\t\t\t\t\t\t\t<\/div>\n\t\t\t\t<\/div>\n\t\t\t\t<div class=\"elementor-element elementor-element-adebfdc elementor-widget elementor-widget-text-editor\" data-id=\"adebfdc\" data-element_type=\"widget\" data-widget_type=\"text-editor.default\">\n\t\t\t\t<div class=\"elementor-widget-container\">\n\t\t\t\t\t\t\t\t\t<p>Todos os direitos reservados<\/p>\t\t\t\t\t\t\t\t<\/div>\n\t\t\t\t<\/div>\n\t\t\t\t<\/div>\n\t\t<div class=\"elementor-element elementor-element-46fa34d e-con-full e-flex e-con e-child\" data-id=\"46fa34d\" data-element_type=\"container\">\n\t\t\t\t<div class=\"elementor-element elementor-element-f0fc463 elementor-widget elementor-widget-image\" data-id=\"f0fc463\" data-element_type=\"widget\" data-widget_type=\"image.default\">\n\t\t\t\t<div class=\"elementor-widget-container\">\n\t\t\t\t\t\t\t\t\t\t\t\t\t\t\t<img loading=\"lazy\" decoding=\"async\" width=\"110\" height=\"83\" src=\"https:\/\/umeculinariajaponesa.com.br\/wp-content\/uploads\/2024\/04\/logo-footer.png\" class=\"attachment-large size-large wp-image-75\" alt=\"\" \/>\t\t\t\t\t\t\t\t\t\t\t\t\t\t\t<\/div>\n\t\t\t\t<\/div>\n\t\t\t\t<\/div>\n\t\t<div class=\"elementor-element elementor-element-76530d3 e-con-full e-flex e-con e-child\" data-id=\"76530d3\" data-element_type=\"container\">\n\t\t\t\t<\/div>\n\t\t\t\t\t<\/div>\n\t\t\t\t<\/div>\n\t\t\t\t<\/div>\n\t\t","protected":false},"excerpt":{"rendered":"<p>SOBRE Lorem ipsum dolor sit amet, consectetur adipiscing elit. Donec viverra consequat semper. Suspendisse ac enim luctus, laoreet massa nec, hendrerit nulla. Quisque tristique porta nisl, vitae ornare ex sagittis quis. Cras vestibulum dignissim ipsum in lacinia. Curabitur blandit ligula nibh, non facilisis dui commodo quis. Cras tristique vehicula sapien quis maximus. Morbi velit est, [&hellip;]<\/p>\n","protected":false},"author":1,"featured_media":0,"parent":0,"menu_order":0,"comment_status":"closed","ping_status":"open","template":"elementor_canvas","meta":{"footnotes":""},"_links":{"self":[{"href":"https:\/\/umeculinariajaponesa.com.br\/index.php?rest_route=\/wp\/v2\/pages\/2"}],"collection":[{"href":"https:\/\/umeculinariajaponesa.com.br\/index.php?rest_route=\/wp\/v2\/pages"}],"about":[{"href":"https:\/\/umeculinariajaponesa.com.br\/index.php?rest_route=\/wp\/v2\/types\/page"}],"author":[{"embeddable":true,"href":"https:\/\/umeculinariajaponesa.com.br\/index.php?rest_route=\/wp\/v2\/users\/1"}],"replies":[{"embeddable":true,"href":"https:\/\/umeculinariajaponesa.com.br\/index.php?rest_route=%2Fwp%2Fv2%2Fcomments&post=2"}],"version-history":[{"count":49,"href":"https:\/\/umeculinariajaponesa.com.br\/index.php?rest_route=\/wp\/v2\/pages\/2\/revisions"}],"predecessor-version":[{"id":100,"href":"https:\/\/umeculinariajaponesa.com.br\/index.php?rest_route=\/wp\/v2\/pages\/2\/revisions\/100"}],"wp:attachment":[{"href":"https:\/\/umeculinariajaponesa.com.br\/index.php?rest_route=%2Fwp%2Fv2%2Fmedia&parent=2"}],"curies":[{"name":"wp","href":"https:\/\/api.w.org\/{rel}","templated":true}]}}